{"id":5288,"date":"2025-04-30T14:15:15","date_gmt":"2025-04-30T12:15:15","guid":{"rendered":"https:\/\/vaultinum.com\/?page_id=5288"},"modified":"2025-12-15T17:15:19","modified_gmt":"2025-12-15T16:15:19","slug":"risorse","status":"publish","type":"page","link":"https:\/\/vaultinum.com\/it\/risorse","title":{"rendered":"Risorse"},"content":{"rendered":"<p>[et_pb_section fb_built=\u201d1\u2033 custom_padding_last_edited=\u201don|phone\u201d module_class=\u201dresources\u201d _builder_version=\u201d4.27.4\u2033 _module_preset=\u201ddefault\u201d background_color=\u201dgcid-5dce45c6-24ec-4ca2-bb7c-6cc0e1cf1c1b\u201d custom_padding=\u201d||0px||false|false\u201d custom_padding_tablet=\u201d10%||||false|false\u201d custom_padding_phone=\u201d10%||||false|false\u201d global_colors_info=\u201d{%22gcid-5dce45c6-24ec-4ca2-bb7c-6cc0e1cf1c1b%22:%91%22background_color%22%93}\u201d][et_pb_row _builder_version=\u201d4.27.4\u2033 _module_preset=\u201d_initial\u201d hover_enabled=\u201d0\u2033 global_colors_info=\u201d{}\u201d custom_padding=\u201d0px||||false|false\u201d sticky_enabled=\u201d0\u2033][et_pb_column type=\u201d4_4\u2033 _builder_version=\u201d4.25.1\u2033 _module_preset=\u201ddefault\u201d global_colors_info=\u201d{}\u201d][et_pb_text _builder_version=\u201d4.27.4\u2033 _module_preset=\u201ddefault\u201d text_font=\u201d|300|||||||\u201d text_text_color=\u201dgcid-d7421e18-3b9c-4df2-b81f-a6a74c8e4ff8\u2033 link_text_color=\u201dgcid-c38c3e26-d1b6-4c73-9d2c-f6ae00ad5d10\u2033 custom_padding=\u201d0px||0px||true|false\u201d global_colors_info=\u201d{%22gcid-d7421e18-3b9c-4df2-b81f-a6a74c8e4ff8%22:%91%22text_text_color%22%93,%22gcid-c38c3e26-d1b6-4c73-9d2c-f6ae00ad5d10%22:%91%22link_text_color%22%93}\u201d global_module=\u201d9800\u2033 theme_builder_area=\u201dpost_content\u201d]<span><span><a href=\"https:\/\/vaultinum.com\/it\">Vaultinum<\/a><\/span><\/span>[\/et_pb_text][et_pb_text _builder_version=\u201d4.27.4\u2033 _module_preset=\u201ddefault\u201d header_font=\u201dPoppins|600|||||||\u201d header_text_color=\u201dgcid-a257e6c6-29da-4a91-b62f-197a41b3f0b0\u2033 header_font_size=\u201d50px\u201d custom_margin=\u201d||0px||false|false\u201d global_colors_info=\u201d{%22gcid-a257e6c6-29da-4a91-b62f-197a41b3f0b0%22:%91%22header_text_color%22%93}\u201d]<\/p>\n<h1>Risorse<\/h1>\n<p>[\/et_pb_text][et_pb_text _builder_version=\u201d4.27.4\u2033 _module_preset=\u201db17b8f46-9243-49f3-94d1-fbfb6113f9d0\u2033 global_colors_info=\u201d{}\u201d]<\/p>\n<p>Scarica i nostri white paper, checklist e report per comprendere meglio il processo di due diligence tecnologica.<\/p>\n<p>[\/et_pb_text][\/et_pb_column][\/et_pb_row][\/et_pb_section][et_pb_section fb_built=\u201d1\u2033 _builder_version=\u201d4.25.1\u2033 _module_preset=\u201ddefault\u201d background_enable_color=\u201doff\u201d global_colors_info=\u201d{%22gcid-de56746c-5019-44c5-9aa3-e68561b14a98%22:%91%22background_color%22%93}\u201d][et_pb_row _builder_version=\u201d4.25.1\u2033 _module_preset=\u201d_initial\u201d global_colors_info=\u201d{}\u201d][et_pb_column type=\u201d4_4\u2033 _builder_version=\u201d4.25.1\u2033 _module_preset=\u201ddefault\u201d global_colors_info=\u201d{}\u201d][et_pb_code _builder_version=\u201d4.27.4\u2033 _module_preset=\u201ddefault\u201d global_colors_info=\u201d{}\u201d]<!-- Gridbuilder \u1d42\u1d3e Plugin (https:\/\/wpgridbuilder.com) -->\n<div class=\"wp-grid-builder wpgb-grid-26\" data-options=\"{&quot;id&quot;:26,&quot;type&quot;:&quot;masonry&quot;,&quot;source&quot;:&quot;post_type&quot;,&quot;loader&quot;:false,&quot;layout&quot;:&quot;vertical&quot;,&quot;reveal&quot;:0,&quot;isMainQuery&quot;:0,&quot;lazyLoad&quot;:false,&quot;cardSizes&quot;:{&quot;9999&quot;:{&quot;columns&quot;:3,&quot;height&quot;:240,&quot;gutter&quot;:16,&quot;ratio&quot;:&quot;0.80000&quot;},&quot;1280&quot;:{&quot;columns&quot;:3,&quot;height&quot;:220,&quot;gutter&quot;:16,&quot;ratio&quot;:&quot;1.00000&quot;},&quot;1024&quot;:{&quot;columns&quot;:2,&quot;height&quot;:200,&quot;gutter&quot;:16,&quot;ratio&quot;:&quot;1.00000&quot;},&quot;640&quot;:{&quot;columns&quot;:1,&quot;height&quot;:200,&quot;gutter&quot;:16,&quot;ratio&quot;:&quot;1.33333&quot;}},&quot;fitRows&quot;:false,&quot;equalRows&quot;:0,&quot;equalColumns&quot;:false,&quot;fillLastRow&quot;:0,&quot;centerLastRow&quot;:0,&quot;horizontalOrder&quot;:false,&quot;fullWidth&quot;:false,&quot;transitionDelay&quot;:100,&quot;gallerySlideshow&quot;:false,&quot;rowsNumber&quot;:1,&quot;slideAlign&quot;:&quot;left&quot;,&quot;groupCells&quot;:1,&quot;draggable&quot;:true,&quot;initialIndex&quot;:0,&quot;contain&quot;:false,&quot;freeScroll&quot;:false,&quot;freeFriction&quot;:&quot;0.075&quot;,&quot;friction&quot;:&quot;0.285&quot;,&quot;attraction&quot;:&quot;0.025&quot;,&quot;autoPlay&quot;:0,&quot;pageDotAriaLabel&quot;:&quot;Page dot %d&quot;,&quot;isPreview&quot;:false,&quot;isGutenberg&quot;:false,&quot;rightToLeft&quot;:false}\"><div class=\"wpgb-svg-icons\" hidden>\n\t<svg viewBox=\"0 0 120 24\" width=\"0\" height=\"0\">\n\t<defs>\n        <polygon id=\"wpgb-star-svg\" points=\"12 2.5 15.1 8.8 22 9.8 17 14.6 18.2 21.5 12 18.3 5.8 21.5 7 14.6 2 9.8 8.9 8.8\"><\/polygon>\n    <\/defs>\n    <symbol id=\"wpgb-rating-stars-svg\">\n        <use xlink:href=\"#wpgb-star-svg\"><\/use>\n        <use xlink:href=\"#wpgb-star-svg\" x=\"24\"><\/use>\n        <use xlink:href=\"#wpgb-star-svg\" x=\"48\"><\/use>\n        <use xlink:href=\"#wpgb-star-svg\" x=\"72\"><\/use>\n        <use xlink:href=\"#wpgb-star-svg\" x=\"96\"><\/use>\n    <\/symbol>\n<\/svg>\n<\/div>\n<div class=\"wpgb-wrapper\">\n\t<div class=\"wpgb-main\">\n\t<div class=\"wpgb-layout\">\n\t<div class=\"wpgb-viewport\">\n\t\t<div class=\"wpgb-masonry\">\n\t\t\t<article class=\"wpgb-card wpgb-card-7 wpgb-post-5588\" data-col=\"1\" data-row=\"1\" data-format=\"standard\"><div class=\"wpgb-card-wrapper\"><div class=\"wpgb-card-inner\"><div class=\"wpgb-card-media wpgb-scheme-light\"><svg data-ratio style=\"padding-top:40%\" viewBox=\"0 0 600 240\"><\/svg><div class=\"wpgb-card-media-thumbnail\"><a href=\"https:\/\/vaultinum.com\/wp-content\/uploads\/2025\/07\/Global-Trends-Cyber-2.webp\" tabindex=\"-1\" class=\"wpgb-handle-lb wpgb-lightbox\" data-type=\"image\" data-rel=\"26\" title=\"Enlarge photo\"><div style=\"background-image:url(https:\/\/vaultinum.com\/wp-content\/uploads\/2025\/07\/Global-Trends-Cyber-2.webp)\"><\/div><noscript><img decoding=\"async\" class=\"wpgb-noscript-img\" src=\"https:\/\/vaultinum.com\/wp-content\/uploads\/2025\/07\/Global-Trends-Cyber-2.webp\" alt=\"Tendenze globali nei rischi di cybersicurezza\" height=\"240\" width=\"600\"><\/noscript><\/a><\/div><\/div><div class=\"wpgb-card-content wpgb-scheme-dark\"><div class=\"wpgb-card-body\"><h3 class=\"wpgb-block-1\"><a href=\"https:\/\/vaultinum.com\/it\/risorse\/tendenze-globali-nei-rischi-di-cybersicurezza\">Tendenze globali nei rischi di cybersicurezza<\/a><\/h3><p class=\"wpgb-block-2\">L&#8217;importanza di un solido programma di gestione dei rischi informatici non pu\u00f2 essere sottovalutata. Inoltre, ogni consiglio direttivo deve accettare l&#8217;idea che la sicurezza informatica non \u00e8 mai veramente compiuta. Ogni giorno vengono scoperte nuove...<\/p><\/div><\/div><\/div><\/div><\/article><article class=\"wpgb-card wpgb-card-7 wpgb-post-5592\" data-col=\"1\" data-row=\"1\" data-format=\"standard\"><div class=\"wpgb-card-wrapper\"><div class=\"wpgb-card-inner\"><div class=\"wpgb-card-media wpgb-scheme-light\"><svg data-ratio style=\"padding-top:40%\" viewBox=\"0 0 600 240\"><\/svg><div class=\"wpgb-card-media-thumbnail\"><a href=\"https:\/\/vaultinum.com\/wp-content\/uploads\/2025\/07\/IP-Audit-Cheklist.webp\" tabindex=\"-1\" class=\"wpgb-handle-lb wpgb-lightbox\" data-type=\"image\" data-rel=\"26\" data-title=\"IP Audit Cheklist\" title=\"Enlarge photo\"><div style=\"background-image:url(https:\/\/vaultinum.com\/wp-content\/uploads\/2025\/07\/IP-Audit-Cheklist.webp)\"><\/div><noscript><img decoding=\"async\" class=\"wpgb-noscript-img\" src=\"https:\/\/vaultinum.com\/wp-content\/uploads\/2025\/07\/IP-Audit-Cheklist.webp\" alt=\"IP Audit Checklist\" height=\"240\" width=\"600\"><\/noscript><\/a><\/div><\/div><div class=\"wpgb-card-content wpgb-scheme-dark\"><div class=\"wpgb-card-body\"><h3 class=\"wpgb-block-1\"><a href=\"https:\/\/vaultinum.com\/it\/risorse\/checklist-dellaudit-di-pi\">Checklist dell&#8217;audit di PI<\/a><\/h3><p class=\"wpgb-block-2\">Secondo Standard and Poor&#8217;s, i beni immateriali rappresentano oggi oltre l&#8217;80% del valore di un&#8217;azienda, il che significa che la propriet\u00e0 intellettuale \u00e8 diventata un pilastro strategico per la crescita di un&#8217;azienda. Allo stesso tempo,...<\/p><\/div><\/div><\/div><\/div><\/article><article class=\"wpgb-card wpgb-card-7 wpgb-post-5596\" data-col=\"1\" data-row=\"1\" data-format=\"standard\"><div class=\"wpgb-card-wrapper\"><div class=\"wpgb-card-inner\"><div class=\"wpgb-card-media wpgb-scheme-light\"><svg data-ratio style=\"padding-top:40%\" viewBox=\"0 0 600 240\"><\/svg><div class=\"wpgb-card-media-thumbnail\"><a href=\"https:\/\/vaultinum.com\/wp-content\/uploads\/2025\/07\/TDD-checklist.webp\" tabindex=\"-1\" class=\"wpgb-handle-lb wpgb-lightbox\" data-type=\"image\" data-rel=\"26\" data-title=\"TDD checklist\" title=\"Enlarge photo\"><div style=\"background-image:url(https:\/\/vaultinum.com\/wp-content\/uploads\/2025\/07\/TDD-checklist.webp)\"><\/div><noscript><img decoding=\"async\" class=\"wpgb-noscript-img\" src=\"https:\/\/vaultinum.com\/wp-content\/uploads\/2025\/07\/TDD-checklist.webp\" alt=\"TDD checklist\" height=\"240\" width=\"600\"><\/noscript><\/a><\/div><\/div><div class=\"wpgb-card-content wpgb-scheme-dark\"><div class=\"wpgb-card-body\"><h3 class=\"wpgb-block-1\"><a href=\"https:\/\/vaultinum.com\/it\/risorse\/checklist-della-due-diligence-tecnologica\">Checklist della Due Diligence Tecnologica<\/a><\/h3><p class=\"wpgb-block-2\">Nel 2021, le aziende tecnologiche hanno rappresentato oltre il 30% di tutte le operazioni di fusione e acquisizione condotte in quell&#8217;anno. Con l&#8217;aumento degli cyberattacchi, \u00e8 diventato sempre pi\u00f9 strategico per gli investitori sapere come...<\/p><\/div><\/div><\/div><\/div><\/article><article class=\"wpgb-card wpgb-card-7 wpgb-post-5602\" data-col=\"1\" data-row=\"1\" data-format=\"standard\"><div class=\"wpgb-card-wrapper\"><div class=\"wpgb-card-inner\"><div class=\"wpgb-card-media wpgb-scheme-light\"><svg data-ratio style=\"padding-top:40%\" viewBox=\"0 0 600 240\"><\/svg><div class=\"wpgb-card-media-thumbnail\"><a href=\"https:\/\/vaultinum.com\/wp-content\/uploads\/2025\/07\/Software-escrow-2.webp\" tabindex=\"-1\" class=\"wpgb-handle-lb wpgb-lightbox\" data-type=\"image\" data-rel=\"26\" title=\"Enlarge photo\"><div style=\"background-image:url(https:\/\/vaultinum.com\/wp-content\/uploads\/2025\/07\/Software-escrow-2.webp)\"><\/div><noscript><img decoding=\"async\" class=\"wpgb-noscript-img\" src=\"https:\/\/vaultinum.com\/wp-content\/uploads\/2025\/07\/Software-escrow-2.webp\" alt=\"Libro bianco sul software escrow\" height=\"240\" width=\"600\"><\/noscript><\/a><\/div><\/div><div class=\"wpgb-card-content wpgb-scheme-dark\"><div class=\"wpgb-card-body\"><h3 class=\"wpgb-block-1\"><a href=\"https:\/\/vaultinum.com\/it\/risorse\/libro-bianco-sul-software-escrow\">Libro bianco sul software escrow<\/a><\/h3><p class=\"wpgb-block-2\">Nel nostro mondo altamente connesso, le risorse aziendali sono diventate in gran parte digitali. Di conseguenza, si stanno moltiplicando i meccanismi di escrow per proteggere il software e il codice sorgente depositandoli in casseforti fisiche...<\/p><\/div><\/div><\/div><\/div><\/article><article class=\"wpgb-card wpgb-card-7 wpgb-post-5668\" data-col=\"1\" data-row=\"1\" data-format=\"standard\"><div class=\"wpgb-card-wrapper\"><div class=\"wpgb-card-inner\"><div class=\"wpgb-card-media wpgb-scheme-light\"><svg data-ratio style=\"padding-top:40%\" viewBox=\"0 0 600 240\"><\/svg><div class=\"wpgb-card-media-thumbnail\"><a href=\"https:\/\/vaultinum.com\/wp-content\/uploads\/2025\/07\/Cyber-audit-CL.webp\" tabindex=\"-1\" class=\"wpgb-handle-lb wpgb-lightbox\" data-type=\"image\" data-rel=\"26\" data-title=\"Cyber audit CL\" title=\"Enlarge photo\"><div style=\"background-image:url(https:\/\/vaultinum.com\/wp-content\/uploads\/2025\/07\/Cyber-audit-CL.webp)\"><\/div><noscript><img decoding=\"async\" class=\"wpgb-noscript-img\" src=\"https:\/\/vaultinum.com\/wp-content\/uploads\/2025\/07\/Cyber-audit-CL.webp\" alt=\"Cyber Audit Checklist\" height=\"240\" width=\"600\"><\/noscript><\/a><\/div><\/div><div class=\"wpgb-card-content wpgb-scheme-dark\"><div class=\"wpgb-card-body\"><h3 class=\"wpgb-block-1\"><a href=\"https:\/\/vaultinum.com\/it\/risorse\/checklist-di-cybersicurezza\">Checklist di cybersicurezza<\/a><\/h3><p class=\"wpgb-block-2\">Sapevate che nel 2022 un&#8217;azienda \u00e8 stata vittima di un cyberattacco ogni 11 secondi? E questo numero \u00e8 in aumento. Pertanto, la domanda non \u00e8 pi\u00f9 se un&#8217;azienda subir\u00e0 un attacco informatico, ma quando. Dall&#8217;implementazione...<\/p><\/div><\/div><\/div><\/div><\/article>\t\t<\/div>\n\t<\/div>\n\t<\/div>\n<div class=\"wpgb-area wpgb-area-bottom-1\">\n\t<div class=\"wpgb-facet wpgb-loading wpgb-facet-4 wpgb-style-1\" data-facet=\"4\" data-grid=\"26\"><\/div><\/div>\n\t<\/div>\n\t\t<\/div>\n<\/div>\n[\/et_pb_code][\/et_pb_column][\/et_pb_row][\/et_pb_section]<\/p>\n\n\n","protected":false},"excerpt":{"rendered":"<p>[et_pb_section fb_built=\u201d1\u2033 custom_padding_last_edited=\u201don|phone\u201d module_class=\u201dresources\u201d _builder_version=\u201d4.27.4\u2033 _module_preset=\u201ddefault\u201d background_color=\u201dgcid-5dce45c6-24ec-4ca2-bb7c-6cc0e1cf1c1b\u201d custom_padding=\u201d||0px||false|false\u201d custom_padding_tablet=\u201d10%||||false|false\u201d custom_padding_phone=\u201d10%||||false|false\u201d global_colors_info=\u201d{%22gcid-5dce45c6-24ec-4ca2-bb7c-6cc0e1cf1c1b%22:%91%22background_color%22%93}\u201d][et_pb_row _builder_version=\u201d4.27.4\u2033 _module_preset=\u201d_initial\u201d hover_enabled=\u201d0\u2033 global_colors_info=\u201d{}\u201d custom_padding=\u201d0px||||false|false\u201d sticky_enabled=\u201d0\u2033][et_pb_column type=\u201d4_4\u2033 _builder_version=\u201d4.25.1\u2033 _module_preset=\u201ddefault\u201d global_colors_info=\u201d{}\u201d][et_pb_text _builder_version=\u201d4.27.4\u2033 _module_preset=\u201ddefault\u201d text_font=\u201d|300|||||||\u201d text_text_color=\u201dgcid-d7421e18-3b9c-4df2-b81f-a6a74c8e4ff8\u2033 link_text_color=\u201dgcid-c38c3e26-d1b6-4c73-9d2c-f6ae00ad5d10\u2033 custom_padding=\u201d0px||0px||true|false\u201d global_colors_info=\u201d{%22gcid-d7421e18-3b9c-4df2-b81f-a6a74c8e4ff8%22:%91%22text_text_color%22%93,%22gcid-c38c3e26-d1b6-4c73-9d2c-f6ae00ad5d10%22:%91%22link_text_color%22%93}\u201d global_module=\u201d9800\u2033 theme_builder_area=\u201dpost_content\u201d][\/et_pb_text][et_pb_text _builder_version=\u201d4.27.4\u2033 _module_preset=\u201ddefault\u201d header_font=\u201dPoppins|600|||||||\u201d header_text_color=\u201dgcid-a257e6c6-29da-4a91-b62f-197a41b3f0b0\u2033 header_font_size=\u201d50px\u201d custom_margin=\u201d||0px||false|false\u201d global_colors_info=\u201d{%22gcid-a257e6c6-29da-4a91-b62f-197a41b3f0b0%22:%91%22header_text_color%22%93}\u201d] Risorse [\/et_pb_text][et_pb_text _builder_version=\u201d4.27.4\u2033 _module_preset=\u201db17b8f46-9243-49f3-94d1-fbfb6113f9d0\u2033 global_colors_info=\u201d{}\u201d] Scarica i nostri white paper, checklist e report per comprendere meglio il processo [&hellip;]<\/p>\n","protected":false},"author":1,"featured_media":0,"parent":0,"menu_order":0,"comment_status":"closed","ping_status":"closed","template":"","meta":{"_acf_changed":false,"_et_pb_use_builder":"on","_et_pb_old_content":"","_et_gb_content_width":"","_lmt_disableupdate":"no","_lmt_disable":"","footnotes":""},"class_list":["post-5288","page","type-page","status-publish","hentry"],"acf":[],"yoast_head":"<!-- This site is optimized with the Yoast SEO plugin v26.6 - https:\/\/yoast.com\/wordpress\/plugins\/seo\/ -->\n<title>Vaultinum Risorse<\/title>\n<meta name=\"description\" content=\"White paper Vaultinum e guide sulla due diligence tecnologica e sulla protezione della propriet\u00e0 intellettuale nel mondo digitale.\" \/>\n<meta name=\"robots\" content=\"index, follow, max-snippet:-1, max-image-preview:large, max-video-preview:-1\" \/>\n<link rel=\"canonical\" href=\"https:\/\/vaultinum.com\/it\/risorse\" \/>\n<meta property=\"og:locale\" content=\"it_IT\" \/>\n<meta property=\"og:type\" content=\"article\" \/>\n<meta property=\"og:title\" content=\"Vaultinum Risorse\" \/>\n<meta property=\"og:description\" content=\"White paper Vaultinum e guide sulla due diligence tecnologica e sulla protezione della propriet\u00e0 intellettuale nel mondo digitale.\" \/>\n<meta property=\"og:url\" content=\"https:\/\/vaultinum.com\/it\/risorse\" \/>\n<meta property=\"og:site_name\" content=\"Vaultinum\" \/>\n<meta property=\"article:modified_time\" content=\"2025-12-15T16:15:19+00:00\" \/>\n<meta property=\"og:image\" content=\"https:\/\/vaultinum.com\/wp-content\/uploads\/2025\/06\/Logo-Google.webp\" \/>\n\t<meta property=\"og:image:width\" content=\"1200\" \/>\n\t<meta property=\"og:image:height\" content=\"675\" \/>\n\t<meta property=\"og:image:type\" content=\"image\/webp\" \/>\n<meta name=\"twitter:card\" content=\"summary_large_image\" \/>\n<meta name=\"twitter:label1\" content=\"Tempo di lettura stimato\" \/>\n\t<meta name=\"twitter:data1\" content=\"1 minuto\" \/>\n<script type=\"application\/ld+json\" class=\"yoast-schema-graph\">{\"@context\":\"https:\/\/schema.org\",\"@graph\":[{\"@type\":\"WebPage\",\"@id\":\"https:\/\/vaultinum.com\/it\/risorse\",\"url\":\"https:\/\/vaultinum.com\/it\/risorse\",\"name\":\"Vaultinum Risorse\",\"isPartOf\":{\"@id\":\"https:\/\/vaultinum.com\/it#website\"},\"datePublished\":\"2025-04-30T12:15:15+00:00\",\"dateModified\":\"2025-12-15T16:15:19+00:00\",\"description\":\"White paper Vaultinum e guide sulla due diligence tecnologica e sulla protezione della propriet\u00e0 intellettuale nel mondo digitale.\",\"breadcrumb\":{\"@id\":\"https:\/\/vaultinum.com\/it\/risorse#breadcrumb\"},\"inLanguage\":\"it-IT\",\"potentialAction\":[{\"@type\":\"ReadAction\",\"target\":[\"https:\/\/vaultinum.com\/it\/risorse\"]}]},{\"@type\":\"BreadcrumbList\",\"@id\":\"https:\/\/vaultinum.com\/it\/risorse#breadcrumb\",\"itemListElement\":[{\"@type\":\"ListItem\",\"position\":1,\"name\":\"Vaultinum\",\"item\":\"https:\/\/vaultinum.com\/it\"},{\"@type\":\"ListItem\",\"position\":2,\"name\":\"Risorse\"}]},{\"@type\":\"WebSite\",\"@id\":\"https:\/\/vaultinum.com\/it#website\",\"url\":\"https:\/\/vaultinum.com\/it\",\"name\":\"Vaultinum\",\"description\":\"\",\"publisher\":{\"@id\":\"https:\/\/vaultinum.com\/it#organization\"},\"potentialAction\":[{\"@type\":\"SearchAction\",\"target\":{\"@type\":\"EntryPoint\",\"urlTemplate\":\"https:\/\/vaultinum.com\/it?s={search_term_string}\"},\"query-input\":{\"@type\":\"PropertyValueSpecification\",\"valueRequired\":true,\"valueName\":\"search_term_string\"}}],\"inLanguage\":\"it-IT\"},{\"@type\":\"Organization\",\"@id\":\"https:\/\/vaultinum.com\/it#organization\",\"name\":\"Vaultinum\",\"url\":\"https:\/\/vaultinum.com\/it\",\"logo\":{\"@type\":\"ImageObject\",\"inLanguage\":\"it-IT\",\"@id\":\"https:\/\/vaultinum.com\/it#\/schema\/logo\/image\/\",\"url\":\"https:\/\/vaultinum.com\/wp-content\/uploads\/2025\/03\/logo-vaultinum-color.svg\",\"contentUrl\":\"https:\/\/vaultinum.com\/wp-content\/uploads\/2025\/03\/logo-vaultinum-color.svg\",\"width\":247,\"height\":75,\"caption\":\"Vaultinum\"},\"image\":{\"@id\":\"https:\/\/vaultinum.com\/it#\/schema\/logo\/image\/\"},\"sameAs\":[\"https:\/\/www.linkedin.com\/company\/vaultinum\/\",\"https:\/\/www.youtube.com\/@vaultinum_official\"]}]}<\/script>\n<!-- \/ Yoast SEO plugin. -->","yoast_head_json":{"title":"Vaultinum Risorse","description":"White paper Vaultinum e guide sulla due diligence tecnologica e sulla protezione della propriet\u00e0 intellettuale nel mondo digitale.","robots":{"index":"index","follow":"follow","max-snippet":"max-snippet:-1","max-image-preview":"max-image-preview:large","max-video-preview":"max-video-preview:-1"},"canonical":"https:\/\/vaultinum.com\/it\/risorse","og_locale":"it_IT","og_type":"article","og_title":"Vaultinum Risorse","og_description":"White paper Vaultinum e guide sulla due diligence tecnologica e sulla protezione della propriet\u00e0 intellettuale nel mondo digitale.","og_url":"https:\/\/vaultinum.com\/it\/risorse","og_site_name":"Vaultinum","article_modified_time":"2025-12-15T16:15:19+00:00","og_image":[{"width":1200,"height":675,"url":"https:\/\/vaultinum.com\/wp-content\/uploads\/2025\/06\/Logo-Google.webp","type":"image\/webp"}],"twitter_card":"summary_large_image","twitter_misc":{"Tempo di lettura stimato":"1 minuto"},"schema":{"@context":"https:\/\/schema.org","@graph":[{"@type":"WebPage","@id":"https:\/\/vaultinum.com\/it\/risorse","url":"https:\/\/vaultinum.com\/it\/risorse","name":"Vaultinum Risorse","isPartOf":{"@id":"https:\/\/vaultinum.com\/it#website"},"datePublished":"2025-04-30T12:15:15+00:00","dateModified":"2025-12-15T16:15:19+00:00","description":"White paper Vaultinum e guide sulla due diligence tecnologica e sulla protezione della propriet\u00e0 intellettuale nel mondo digitale.","breadcrumb":{"@id":"https:\/\/vaultinum.com\/it\/risorse#breadcrumb"},"inLanguage":"it-IT","potentialAction":[{"@type":"ReadAction","target":["https:\/\/vaultinum.com\/it\/risorse"]}]},{"@type":"BreadcrumbList","@id":"https:\/\/vaultinum.com\/it\/risorse#breadcrumb","itemListElement":[{"@type":"ListItem","position":1,"name":"Vaultinum","item":"https:\/\/vaultinum.com\/it"},{"@type":"ListItem","position":2,"name":"Risorse"}]},{"@type":"WebSite","@id":"https:\/\/vaultinum.com\/it#website","url":"https:\/\/vaultinum.com\/it","name":"Vaultinum","description":"","publisher":{"@id":"https:\/\/vaultinum.com\/it#organization"},"potentialAction":[{"@type":"SearchAction","target":{"@type":"EntryPoint","urlTemplate":"https:\/\/vaultinum.com\/it?s={search_term_string}"},"query-input":{"@type":"PropertyValueSpecification","valueRequired":true,"valueName":"search_term_string"}}],"inLanguage":"it-IT"},{"@type":"Organization","@id":"https:\/\/vaultinum.com\/it#organization","name":"Vaultinum","url":"https:\/\/vaultinum.com\/it","logo":{"@type":"ImageObject","inLanguage":"it-IT","@id":"https:\/\/vaultinum.com\/it#\/schema\/logo\/image\/","url":"https:\/\/vaultinum.com\/wp-content\/uploads\/2025\/03\/logo-vaultinum-color.svg","contentUrl":"https:\/\/vaultinum.com\/wp-content\/uploads\/2025\/03\/logo-vaultinum-color.svg","width":247,"height":75,"caption":"Vaultinum"},"image":{"@id":"https:\/\/vaultinum.com\/it#\/schema\/logo\/image\/"},"sameAs":["https:\/\/www.linkedin.com\/company\/vaultinum\/","https:\/\/www.youtube.com\/@vaultinum_official"]}]}},"_links":{"self":[{"href":"https:\/\/vaultinum.com\/it\/wp-json\/wp\/v2\/pages\/5288","targetHints":{"allow":["GET"]}}],"collection":[{"href":"https:\/\/vaultinum.com\/it\/wp-json\/wp\/v2\/pages"}],"about":[{"href":"https:\/\/vaultinum.com\/it\/wp-json\/wp\/v2\/types\/page"}],"author":[{"embeddable":true,"href":"https:\/\/vaultinum.com\/it\/wp-json\/wp\/v2\/users\/1"}],"replies":[{"embeddable":true,"href":"https:\/\/vaultinum.com\/it\/wp-json\/wp\/v2\/comments?post=5288"}],"version-history":[{"count":1,"href":"https:\/\/vaultinum.com\/it\/wp-json\/wp\/v2\/pages\/5288\/revisions"}],"predecessor-version":[{"id":9829,"href":"https:\/\/vaultinum.com\/it\/wp-json\/wp\/v2\/pages\/5288\/revisions\/9829"}],"wp:attachment":[{"href":"https:\/\/vaultinum.com\/it\/wp-json\/wp\/v2\/media?parent=5288"}],"curies":[{"name":"wp","href":"https:\/\/api.w.org\/{rel}","templated":true}]}}